{"id":1279,"date":"2017-03-11T16:01:44","date_gmt":"2017-03-11T15:01:44","guid":{"rendered":"http:\/\/www.pacienti.cz\/?page_id=1279"},"modified":"2019-03-20T17:34:53","modified_gmt":"2019-03-20T16:34:53","slug":"test","status":"publish","type":"page","link":"https:\/\/www.pacienti.cz\/?page_id=1279","title":{"rendered":"V\u00fdtah z Programov\u00fdch c\u00edl\u016f SP\u010cR"},"content":{"rendered":"<hr \/>\n<h1><strong><img loading=\"lazy\" decoding=\"async\" class=\"alignright wp-image-1887 size-thumbnail\" src=\"https:\/\/www.pacienti.cz\/wp-content\/uploads\/2019\/01\/meeting-480-150x150.png\" alt=\"\" width=\"150\" height=\"150\" srcset=\"https:\/\/www.pacienti.cz\/wp-content\/uploads\/2019\/01\/meeting-480-150x150.png 150w, https:\/\/www.pacienti.cz\/wp-content\/uploads\/2019\/01\/meeting-480-300x300.png 300w, https:\/\/www.pacienti.cz\/wp-content\/uploads\/2019\/01\/meeting-480-144x144.png 144w, https:\/\/www.pacienti.cz\/wp-content\/uploads\/2019\/01\/meeting-480.png 480w\" sizes=\"(max-width: 150px) 100vw, 150px\" \/><\/strong><\/h1>\n<h1><strong><a href=\"https:\/\/www.pacienti.cz\/?page_id=37\">V\u00fdtah z Programov\u00fdch c\u00edl\u016f SP\u010cR<\/a>:<\/strong><\/h1>\n<p>&nbsp;<\/p>\n<p>&nbsp;<\/p>\n<ol>\n<li>Prosazujeme, aby <strong>bez p\u0159ipl\u00e1cen\u00ed<\/strong> byla poskytov\u00e1na ka\u017ed\u00e1 <strong>zdravotn\u00ed p\u00e9\u010de nutn\u00e1 k<\/strong><strong>napraven\u00ed \u0161patn\u00e9ho a udr\u017een\u00ed dobr\u00e9ho zdravotn\u00edho stavu<\/strong> a d\u016fstojn\u00e9mu do\u017eit\u00ed.<\/li>\n<\/ol>\n<p>&nbsp;<\/p>\n<ol start=\"2\">\n<li>Chceme, aby st\u00e1t ve spolupr\u00e1ci s\u00a0obcemi odpov\u00eddal za pro v\u0161echny dostupnou <strong>s\u00ed\u0165 ve\u0159ejn\u00e9ho zdravotnictv\u00ed<\/strong> v\u010detn\u011b nemocnic a <strong>v\u017edy dosa\u017eitelnou pohotovostn\u00ed slu\u017ebu<\/strong> (LSPP).<\/li>\n<\/ol>\n<p>&nbsp;<\/p>\n<ol start=\"3\">\n<li>Chceme, aby tato s\u00ed\u0165 fungovala hospod\u00e1rn\u011b a neziskov\u011b a poskytovala <strong>l\u00e9\u010debnou i preventivn\u00ed p\u00e9\u010di a l\u00e9ky na \u00farovni sou\u010dasn\u00e9ho l\u00e9ka\u0159sk\u00e9ho pozn\u00e1n\u00ed<\/strong>.<\/li>\n<\/ol>\n<p>&nbsp;<\/p>\n<ol start=\"4\">\n<li>Chceme, aby pacient byl p\u0159edm\u011btem zdravotn\u00ed p\u00e9\u010de a ne zdrojem zisku, <strong>aby se pojistn\u00e9 pou\u017e\u00edvalo \u00fasporn\u011b<\/strong> na <strong>zdravotn\u00ed a preventivn\u00ed p\u00e9\u010di<\/strong> a<strong> nikoliv na placen\u00ed \u00fav\u011br\u016f<\/strong> za zprivatizovan\u00e9 objekty <strong>a zbyte\u010dnou re\u017eii poji\u0161\u0165oven<\/strong>.<\/li>\n<\/ol>\n<p>&nbsp;<\/p>\n<ol start=\"5\">\n<li>Pacienti by m\u011bli <strong>p\u0159ipl\u00e1cet, nebo platit jen v\u00a0p\u0159\u00edpadech vybo\u010duj\u00edc\u00edch ze standardn\u00ed p\u00e9\u010de<\/strong> a u l\u00e9k\u016f se stejnou \u00fa\u010dinnost\u00ed, ale vy\u0161\u0161\u00ed cenou, pokud je nep\u0159edep\u00ed\u0161e l\u00e9ka\u0159. P\u0159i pou\u017eit\u00ed dra\u017e\u0161\u00ed technologie<strong> jen rozd\u00edl v\u00a0cen\u011b a ne cel\u00fd v\u00fdkon<\/strong>.<\/li>\n<\/ol>\n<p>&nbsp;<\/p>\n<ol start=\"6\">\n<li>Jsme pro <strong>odm\u011b\u0148ov\u00e1n\u00ed l\u00e9ka\u0159\u016f podle po\u010dtu registrovan\u00fdch pacient\u016f<\/strong> (u praktick\u00fdch l\u00e9ka\u0159\u016f) s\u00a0p\u0159ihl\u00e9dnut\u00edm k\u00a0v\u011bku pacient\u016f, dostupnosti a \u00a0nemocnosti v\u00a0regionu, nechceme, aby o \u00fa\u010dast l\u00e9ka\u0159e v\u00a0s\u00edti ve\u0159ejn\u00e9ho zdravotnictv\u00ed rozhodovala poji\u0161\u0165ovna.<\/li>\n<\/ol>\n<p>&nbsp;<\/p>\n<ol start=\"7\">\n<li>Jsme <strong>proti individu\u00e1ln\u00edm \u00fa\u010dt\u016fm a dal\u0161\u00edm praktik\u00e1m omezuj\u00edc\u00edm solid\u00e1rn\u00ed princip zdravotn\u00edho poji\u0161t\u011bn\u00ed<\/strong>.<\/li>\n<\/ol>\n<p>&nbsp;<\/p>\n<ol start=\"8\">\n<li>Jsme pro p\u0159\u00edstup pacienta ke zdravotn\u00ed dokumentaci a pr\u00e1vo po\u0159\u00edzen\u00ed opisu \u201csv\u00e9\u201d dokumentace.<\/li>\n<\/ol>\n<p>&nbsp;<\/p>\n<p><a href=\"https:\/\/www.pacienti.cz\/\">www.pacienti.cz<\/a><\/p>\n<p>&nbsp;<\/p>\n<hr \/>\n<p>&nbsp;<\/p>\n<p>&nbsp;<\/p>\n","protected":false},"excerpt":{"rendered":"<p>V\u00fdtah z Programov\u00fdch c\u00edl\u016f SP\u010cR: &nbsp; &nbsp; Prosazujeme, aby bez p\u0159ipl\u00e1cen\u00ed byla poskytov\u00e1na ka\u017ed\u00e1 zdravotn\u00ed p\u00e9\u010de nutn\u00e1 knapraven\u00ed \u0161patn\u00e9ho a udr\u017een\u00ed dobr\u00e9ho zdravotn\u00edho stavu a d\u016fstojn\u00e9mu do\u017eit\u00ed. &nbsp; Chceme, aby st\u00e1t ve spolupr\u00e1ci s\u00a0obcemi odpov\u00eddal za pro v\u0161echny dostupnou s\u00ed\u0165 ve\u0159ejn\u00e9ho zdravotnictv\u00ed v\u010detn\u011b nemocnic a v\u017edy dosa\u017eitelnou pohotovostn\u00ed slu\u017ebu (LSPP). &nbsp; Chceme, aby tato s\u00ed\u0165 [&hellip;]<\/p>\n","protected":false},"author":1,"featured_media":0,"parent":0,"menu_order":0,"comment_status":"closed","ping_status":"closed","template":"","meta":{"footnotes":""},"_links":{"self":[{"href":"https:\/\/www.pacienti.cz\/index.php?rest_route=\/wp\/v2\/pages\/1279"}],"collection":[{"href":"https:\/\/www.pacienti.cz\/index.php?rest_route=\/wp\/v2\/pages"}],"about":[{"href":"https:\/\/www.pacienti.cz\/index.php?rest_route=\/wp\/v2\/types\/page"}],"author":[{"embeddable":true,"href":"https:\/\/www.pacienti.cz\/index.php?rest_route=\/wp\/v2\/users\/1"}],"replies":[{"embeddable":true,"href":"https:\/\/www.pacienti.cz\/index.php?rest_route=%2Fwp%2Fv2%2Fcomments&post=1279"}],"version-history":[{"count":7,"href":"https:\/\/www.pacienti.cz\/index.php?rest_route=\/wp\/v2\/pages\/1279\/revisions"}],"predecessor-version":[{"id":2017,"href":"https:\/\/www.pacienti.cz\/index.php?rest_route=\/wp\/v2\/pages\/1279\/revisions\/2017"}],"wp:attachment":[{"href":"https:\/\/www.pacienti.cz\/index.php?rest_route=%2Fwp%2Fv2%2Fmedia&parent=1279"}],"curies":[{"name":"wp","href":"https:\/\/api.w.org\/{rel}","templated":true}]}}