{"id":151,"date":"2015-11-06T22:05:21","date_gmt":"2015-11-06T21:05:21","guid":{"rendered":"http:\/\/www.pacienti.cz\/?page_id=151"},"modified":"2024-05-06T22:32:04","modified_gmt":"2024-05-06T20:32:04","slug":"zpravy-a-stanoviska","status":"publish","type":"page","link":"https:\/\/www.pacienti.cz\/?page_id=151","title":{"rendered":"\u00davod"},"content":{"rendered":"<hr \/>\n<p>&nbsp;<\/p>\n<h1 class=\"o-article-det__title\"><span style=\"color: #0000ff;\"><a style=\"color: #0000ff;\" href=\"https:\/\/www.ulekare.cz\/clanek\/how-to-find-your-way-around-the-czech-healthcare-system-483976\"><strong>Jak se orientovat v \u010desk\u00e9m zdravotnictv\u00ed<\/strong><\/a><\/span><\/h1>\n<p><img loading=\"lazy\" decoding=\"async\" class=\"alignright wp-image-569 size-full\" src=\"https:\/\/www.pacienti.cz\/wp-content\/uploads\/2015\/11\/prac.-nemoc.jpg\" alt=\"\" width=\"254\" height=\"180\" \/><\/p>\n<p>Zdroj: u L\u00e9ka\u0159e.cz<\/p>\n<p>&nbsp;<\/p>\n<p>&nbsp;<\/p>\n","protected":false},"excerpt":{"rendered":"<p>&nbsp; Jak se orientovat v \u010desk\u00e9m zdravotnictv\u00ed Zdroj: u L\u00e9ka\u0159e.cz &nbsp; &nbsp;<\/p>\n","protected":false},"author":1,"featured_media":199,"parent":0,"menu_order":0,"comment_status":"closed","ping_status":"closed","template":"","meta":{"footnotes":""},"_links":{"self":[{"href":"https:\/\/www.pacienti.cz\/index.php?rest_route=\/wp\/v2\/pages\/151"}],"collection":[{"href":"https:\/\/www.pacienti.cz\/index.php?rest_route=\/wp\/v2\/pages"}],"about":[{"href":"https:\/\/www.pacienti.cz\/index.php?rest_route=\/wp\/v2\/types\/page"}],"author":[{"embeddable":true,"href":"https:\/\/www.pacienti.cz\/index.php?rest_route=\/wp\/v2\/users\/1"}],"replies":[{"embeddable":true,"href":"https:\/\/www.pacienti.cz\/index.php?rest_route=%2Fwp%2Fv2%2Fcomments&post=151"}],"version-history":[{"count":6,"href":"https:\/\/www.pacienti.cz\/index.php?rest_route=\/wp\/v2\/pages\/151\/revisions"}],"predecessor-version":[{"id":4517,"href":"https:\/\/www.pacienti.cz\/index.php?rest_route=\/wp\/v2\/pages\/151\/revisions\/4517"}],"wp:featuredmedia":[{"embeddable":true,"href":"https:\/\/www.pacienti.cz\/index.php?rest_route=\/wp\/v2\/media\/199"}],"wp:attachment":[{"href":"https:\/\/www.pacienti.cz\/index.php?rest_route=%2Fwp%2Fv2%2Fmedia&parent=151"}],"curies":[{"name":"wp","href":"https:\/\/api.w.org\/{rel}","templated":true}]}}