{"id":1664,"date":"2018-05-15T21:40:51","date_gmt":"2018-05-15T19:40:51","guid":{"rendered":"http:\/\/www.pacienti.cz\/?page_id=1664"},"modified":"2018-05-15T21:41:06","modified_gmt":"2018-05-15T19:41:06","slug":"gdpr-prohlaseni","status":"publish","type":"page","link":"https:\/\/www.pacienti.cz\/?page_id=1664","title":{"rendered":"GDPR &#8211; Prohl\u00e1\u0161en\u00ed"},"content":{"rendered":"<hr \/>\n<p>&nbsp;<\/p>\n<h1 class=\"widget-title\"><span style=\"color: #ff0000;\"><strong>Prohl\u00e1\u0161en\u00ed ke spr\u00e1v\u011b osobn\u00edch \u00fadaj\u016f<\/strong><\/span><\/h1>\n<div class=\"textwidget\">\n<div>\n<p>&nbsp;<\/p>\n<p>Vypln\u011bn\u00edm a odesl\u00e1n\u00edm p\u0159ihl\u00e1\u0161ky ke vzniku \u010dlenstv\u00ed ve Svazu pacient\u016f \u010cR vyjad\u0159uje \u010dlen SP\u010cR souhlas se shroma\u017e\u010fov\u00e1n\u00edm, uchov\u00e1n\u00edm a zpracov\u00e1n\u00edm osobn\u00edch \u00fadaj\u016f zapsan\u00fdch v \u010dlensk\u00e9 p\u0159ihl\u00e1\u0161ce, p\u0159\u00edpadn\u011b \u00fadaj\u016f poskytnut\u00fdch dodate\u010dn\u011b. Tento souhlas se ud\u011bluje na dobu neur\u010ditou. Z\u00e1rove\u0148 prohla\u0161uje, \u017ee si je v\u011bdom\/a sv\u00fdch pr\u00e1v podle \u00a7 12 a 21 z\u00e1kona \u010d. 101\/2000 Sb., o ochran\u011b osobn\u00edch \u00fadaj\u016f. Se v\u0161emi vypln\u011bn\u00fdmi \u010d\u00e1stmi \u010dlensk\u00e9 p\u0159ihl\u00e1\u0161ky byl\/a sezn\u00e1men\/a, v\u0161echny \u00fadaje jsou p\u0159esn\u00e9 a pravdiv\u00e9 a jsou poskytov\u00e1ny dobrovoln\u011b. D\u00e1le souhlas\u00ed s t\u00edm, \u017ee k poskytnut\u00fdm \u00fadaj\u016fm mohou b\u00fdt p\u0159i\u0159azeny i dal\u0161\u00ed osobn\u00ed \u00fadaje t\u00fdkaj\u00edc\u00ed se \u010dlenstv\u00ed ve Svazu pacient\u016f \u010cR.<\/p>\n<p>&nbsp;<\/p>\n<\/div>\n<\/div>\n<p>&nbsp;<\/p>\n","protected":false},"excerpt":{"rendered":"<p>&nbsp; Prohl\u00e1\u0161en\u00ed ke spr\u00e1v\u011b osobn\u00edch \u00fadaj\u016f &nbsp; Vypln\u011bn\u00edm a odesl\u00e1n\u00edm p\u0159ihl\u00e1\u0161ky ke vzniku \u010dlenstv\u00ed ve Svazu pacient\u016f \u010cR vyjad\u0159uje \u010dlen SP\u010cR souhlas se shroma\u017e\u010fov\u00e1n\u00edm, uchov\u00e1n\u00edm a zpracov\u00e1n\u00edm osobn\u00edch \u00fadaj\u016f zapsan\u00fdch v \u010dlensk\u00e9 p\u0159ihl\u00e1\u0161ce, p\u0159\u00edpadn\u011b \u00fadaj\u016f poskytnut\u00fdch dodate\u010dn\u011b. Tento souhlas se ud\u011bluje na dobu neur\u010ditou. Z\u00e1rove\u0148 prohla\u0161uje, \u017ee si je v\u011bdom\/a sv\u00fdch pr\u00e1v podle \u00a7 12 [&hellip;]<\/p>\n","protected":false},"author":1,"featured_media":0,"parent":0,"menu_order":0,"comment_status":"closed","ping_status":"closed","template":"","meta":{"footnotes":""},"_links":{"self":[{"href":"https:\/\/www.pacienti.cz\/index.php?rest_route=\/wp\/v2\/pages\/1664"}],"collection":[{"href":"https:\/\/www.pacienti.cz\/index.php?rest_route=\/wp\/v2\/pages"}],"about":[{"href":"https:\/\/www.pacienti.cz\/index.php?rest_route=\/wp\/v2\/types\/page"}],"author":[{"embeddable":true,"href":"https:\/\/www.pacienti.cz\/index.php?rest_route=\/wp\/v2\/users\/1"}],"replies":[{"embeddable":true,"href":"https:\/\/www.pacienti.cz\/index.php?rest_route=%2Fwp%2Fv2%2Fcomments&post=1664"}],"version-history":[{"count":2,"href":"https:\/\/www.pacienti.cz\/index.php?rest_route=\/wp\/v2\/pages\/1664\/revisions"}],"predecessor-version":[{"id":1666,"href":"https:\/\/www.pacienti.cz\/index.php?rest_route=\/wp\/v2\/pages\/1664\/revisions\/1666"}],"wp:attachment":[{"href":"https:\/\/www.pacienti.cz\/index.php?rest_route=%2Fwp%2Fv2%2Fmedia&parent=1664"}],"curies":[{"name":"wp","href":"https:\/\/api.w.org\/{rel}","templated":true}]}}