{"id":2190,"date":"2019-08-27T19:15:10","date_gmt":"2019-08-27T17:15:10","guid":{"rendered":"http:\/\/www.pacienti.cz\/?page_id=2190"},"modified":"2024-10-31T00:03:12","modified_gmt":"2024-10-30T23:03:12","slug":"fotogalerie","status":"publish","type":"page","link":"https:\/\/www.pacienti.cz\/?page_id=2190","title":{"rendered":"Fotogalerie"},"content":{"rendered":"<hr \/>\n<p>&nbsp;<\/p>\n<p>Fotogal\u00e9rie k vyu\u017eit\u00ed:<\/p>\n<p><a href=\"https:\/\/www.pacienti.cz\/wp-content\/uploads\/2019\/08\/olej\u00e1r-lubo\u0161_5.19.jpg\"><img loading=\"lazy\" decoding=\"async\" class=\"size-full wp-image-2193\" src=\"https:\/\/www.pacienti.cz\/wp-content\/uploads\/2019\/08\/olej\u00e1r-lubo\u0161_5.19.jpg\" alt=\"\" width=\"2736\" height=\"3648\" srcset=\"https:\/\/www.pacienti.cz\/wp-content\/uploads\/2019\/08\/olej\u00e1r-lubo\u0161_5.19.jpg 2736w, https:\/\/www.pacienti.cz\/wp-content\/uploads\/2019\/08\/olej\u00e1r-lubo\u0161_5.19-225x300.jpg 225w, https:\/\/www.pacienti.cz\/wp-content\/uploads\/2019\/08\/olej\u00e1r-lubo\u0161_5.19-768x1024.jpg 768w, https:\/\/www.pacienti.cz\/wp-content\/uploads\/2019\/08\/olej\u00e1r-lubo\u0161_5.19-900x1200.jpg 900w\" sizes=\"(max-width: 2736px) 100vw, 2736px\" \/><\/a><\/p>\n<p><a href=\"https:\/\/www.pacienti.cz\/wp-content\/uploads\/2019\/08\/olejar_lubos-e1566925789577.jpg\"><img loading=\"lazy\" decoding=\"async\" class=\"alignnone size-full wp-image-2192\" src=\"https:\/\/www.pacienti.cz\/wp-content\/uploads\/2019\/08\/olejar_lubos-e1566925789577.jpg\" alt=\"\" width=\"960\" height=\"1280\" srcset=\"https:\/\/www.pacienti.cz\/wp-content\/uploads\/2019\/08\/olejar_lubos-e1566925789577.jpg 960w, https:\/\/www.pacienti.cz\/wp-content\/uploads\/2019\/08\/olejar_lubos-e1566925789577-225x300.jpg 225w, https:\/\/www.pacienti.cz\/wp-content\/uploads\/2019\/08\/olejar_lubos-e1566925789577-768x1024.jpg 768w, https:\/\/www.pacienti.cz\/wp-content\/uploads\/2019\/08\/olejar_lubos-e1566925789577-900x1200.jpg 900w\" sizes=\"(max-width: 960px) 100vw, 960px\" \/><\/a><\/p>\n<p><a href=\"https:\/\/www.pacienti.cz\/wp-content\/uploads\/2019\/08\/olejar_lubos2.jpg\"><img loading=\"lazy\" decoding=\"async\" class=\"alignnone size-full wp-image-2191\" src=\"https:\/\/www.pacienti.cz\/wp-content\/uploads\/2019\/08\/olejar_lubos2.jpg\" alt=\"\" width=\"953\" height=\"1105\" srcset=\"https:\/\/www.pacienti.cz\/wp-content\/uploads\/2019\/08\/olejar_lubos2.jpg 953w, https:\/\/www.pacienti.cz\/wp-content\/uploads\/2019\/08\/olejar_lubos2-259x300.jpg 259w, https:\/\/www.pacienti.cz\/wp-content\/uploads\/2019\/08\/olejar_lubos2-768x890.jpg 768w, https:\/\/www.pacienti.cz\/wp-content\/uploads\/2019\/08\/olejar_lubos2-883x1024.jpg 883w, https:\/\/www.pacienti.cz\/wp-content\/uploads\/2019\/08\/olejar_lubos2-900x1044.jpg 900w\" sizes=\"(max-width: 953px) 100vw, 953px\" \/><\/a><\/p>\n<p><a href=\"https:\/\/www.pacienti.cz\/wp-content\/uploads\/2018\/03\/Olej\u00e1r6.jpg\"><img loading=\"lazy\" decoding=\"async\" class=\"alignnone size-full wp-image-1601\" src=\"https:\/\/www.pacienti.cz\/wp-content\/uploads\/2018\/03\/Olej\u00e1r6.jpg\" alt=\"\" width=\"1000\" height=\"611\" srcset=\"https:\/\/www.pacienti.cz\/wp-content\/uploads\/2018\/03\/Olej\u00e1r6.jpg 1000w, https:\/\/www.pacienti.cz\/wp-content\/uploads\/2018\/03\/Olej\u00e1r6-300x183.jpg 300w, https:\/\/www.pacienti.cz\/wp-content\/uploads\/2018\/03\/Olej\u00e1r6-768x469.jpg 768w, https:\/\/www.pacienti.cz\/wp-content\/uploads\/2018\/03\/Olej\u00e1r6-900x550.jpg 900w\" sizes=\"(max-width: 1000px) 100vw, 1000px\" \/><\/a><\/p>\n<p><a href=\"https:\/\/www.pacienti.cz\/wp-content\/uploads\/2018\/03\/Olej\u00e1r2.jpg\"><img loading=\"lazy\" decoding=\"async\" class=\"alignnone size-full wp-image-1578\" src=\"https:\/\/www.pacienti.cz\/wp-content\/uploads\/2018\/03\/Olej\u00e1r2.jpg\" alt=\"\" width=\"746\" height=\"705\" srcset=\"https:\/\/www.pacienti.cz\/wp-content\/uploads\/2018\/03\/Olej\u00e1r2.jpg 746w, https:\/\/www.pacienti.cz\/wp-content\/uploads\/2018\/03\/Olej\u00e1r2-300x284.jpg 300w\" sizes=\"(max-width: 746px) 100vw, 746px\" \/><\/a><\/p>\n<p><a href=\"https:\/\/www.pacienti.cz\/wp-content\/uploads\/2018\/03\/Olej\u00e1r4.jpg\"><img loading=\"lazy\" decoding=\"async\" class=\"alignnone size-full wp-image-1581\" src=\"https:\/\/www.pacienti.cz\/wp-content\/uploads\/2018\/03\/Olej\u00e1r4.jpg\" alt=\"\" width=\"658\" height=\"574\" srcset=\"https:\/\/www.pacienti.cz\/wp-content\/uploads\/2018\/03\/Olej\u00e1r4.jpg 658w, https:\/\/www.pacienti.cz\/wp-content\/uploads\/2018\/03\/Olej\u00e1r4-300x262.jpg 300w\" sizes=\"(max-width: 658px) 100vw, 658px\" \/><\/a><\/p>\n<p><a href=\"https:\/\/www.pacienti.cz\/wp-content\/uploads\/2016\/09\/olejar-2013.1.png\"><img loading=\"lazy\" decoding=\"async\" class=\"alignnone size-full wp-image-1079\" src=\"https:\/\/www.pacienti.cz\/wp-content\/uploads\/2016\/09\/olejar-2013.1.png\" alt=\"\" width=\"628\" height=\"580\" srcset=\"https:\/\/www.pacienti.cz\/wp-content\/uploads\/2016\/09\/olejar-2013.1.png 628w, https:\/\/www.pacienti.cz\/wp-content\/uploads\/2016\/09\/olejar-2013.1-300x277.png 300w\" sizes=\"(max-width: 628px) 100vw, 628px\" \/><\/a><\/p>\n<p><a href=\"https:\/\/www.pacienti.cz\/wp-content\/uploads\/2016\/09\/olejar-2013.2.png\"><img loading=\"lazy\" decoding=\"async\" class=\"alignnone size-full wp-image-1080\" src=\"https:\/\/www.pacienti.cz\/wp-content\/uploads\/2016\/09\/olejar-2013.2.png\" alt=\"\" width=\"364\" height=\"382\" srcset=\"https:\/\/www.pacienti.cz\/wp-content\/uploads\/2016\/09\/olejar-2013.2.png 364w, https:\/\/www.pacienti.cz\/wp-content\/uploads\/2016\/09\/olejar-2013.2-286x300.png 286w\" sizes=\"(max-width: 364px) 100vw, 364px\" \/><\/a><\/p>\n<p><a href=\"https:\/\/www.pacienti.cz\/wp-content\/uploads\/2016\/09\/olejar-2013.png\"><img loading=\"lazy\" decoding=\"async\" class=\"alignnone size-full wp-image-1081\" src=\"https:\/\/www.pacienti.cz\/wp-content\/uploads\/2016\/09\/olejar-2013.png\" alt=\"\" width=\"306\" height=\"320\" srcset=\"https:\/\/www.pacienti.cz\/wp-content\/uploads\/2016\/09\/olejar-2013.png 306w, https:\/\/www.pacienti.cz\/wp-content\/uploads\/2016\/09\/olejar-2013-287x300.png 287w\" sizes=\"(max-width: 306px) 100vw, 306px\" \/><\/a><\/p>\n<p><a href=\"https:\/\/www.pacienti.cz\/wp-content\/uploads\/2015\/11\/olej\u00e1r_2.bmp\"><img loading=\"lazy\" decoding=\"async\" class=\"alignnone size-full wp-image-186\" src=\"https:\/\/www.pacienti.cz\/wp-content\/uploads\/2015\/11\/olej\u00e1r_2.bmp\" alt=\"\" width=\"939\" height=\"568\" srcset=\"https:\/\/www.pacienti.cz\/wp-content\/uploads\/2015\/11\/olej\u00e1r_2.bmp 939w, https:\/\/www.pacienti.cz\/wp-content\/uploads\/2015\/11\/olej\u00e1r_2-300x181.bmp 300w, https:\/\/www.pacienti.cz\/wp-content\/uploads\/2015\/11\/olej\u00e1r_2-200x120.bmp 200w\" sizes=\"(max-width: 939px) 100vw, 939px\" \/><\/a><\/p>\n<p>&nbsp;<\/p>\n<p><a href=\"https:\/\/www.pacienti.cz\/wp-content\/uploads\/2019\/08\/olejar_9.09.jpg\"><img loading=\"lazy\" decoding=\"async\" class=\"alignnone size-full wp-image-2197\" src=\"https:\/\/www.pacienti.cz\/wp-content\/uploads\/2019\/08\/olejar_9.09.jpg\" alt=\"\" width=\"150\" height=\"179\" \/><\/a><\/p>\n<p><a href=\"https:\/\/www.pacienti.cz\/wp-content\/uploads\/2015\/11\/olejar-108.jpg\"><img loading=\"lazy\" decoding=\"async\" class=\"alignnone wp-image-185 size-full\" src=\"https:\/\/www.pacienti.cz\/wp-content\/uploads\/2015\/11\/olejar-108.jpg\" alt=\"\" width=\"1920\" height=\"1992\" srcset=\"https:\/\/www.pacienti.cz\/wp-content\/uploads\/2015\/11\/olejar-108.jpg 1920w, https:\/\/www.pacienti.cz\/wp-content\/uploads\/2015\/11\/olejar-108-289x300.jpg 289w, https:\/\/www.pacienti.cz\/wp-content\/uploads\/2015\/11\/olejar-108-987x1024.jpg 987w\" sizes=\"(max-width: 1920px) 100vw, 1920px\" \/><\/a><\/p>\n<p>&nbsp;<\/p>\n","protected":false},"excerpt":{"rendered":"<p>&nbsp; Fotogal\u00e9rie k vyu\u017eit\u00ed: &nbsp; &nbsp;<\/p>\n","protected":false},"author":1,"featured_media":0,"parent":0,"menu_order":0,"comment_status":"closed","ping_status":"closed","template":"","meta":{"footnotes":""},"_links":{"self":[{"href":"https:\/\/www.pacienti.cz\/index.php?rest_route=\/wp\/v2\/pages\/2190"}],"collection":[{"href":"https:\/\/www.pacienti.cz\/index.php?rest_route=\/wp\/v2\/pages"}],"about":[{"href":"https:\/\/www.pacienti.cz\/index.php?rest_route=\/wp\/v2\/types\/page"}],"author":[{"embeddable":true,"href":"https:\/\/www.pacienti.cz\/index.php?rest_route=\/wp\/v2\/users\/1"}],"replies":[{"embeddable":true,"href":"https:\/\/www.pacienti.cz\/index.php?rest_route=%2Fwp%2Fv2%2Fcomments&post=2190"}],"version-history":[{"count":5,"href":"https:\/\/www.pacienti.cz\/index.php?rest_route=\/wp\/v2\/pages\/2190\/revisions"}],"predecessor-version":[{"id":4583,"href":"https:\/\/www.pacienti.cz\/index.php?rest_route=\/wp\/v2\/pages\/2190\/revisions\/4583"}],"wp:attachment":[{"href":"https:\/\/www.pacienti.cz\/index.php?rest_route=%2Fwp%2Fv2%2Fmedia&parent=2190"}],"curies":[{"name":"wp","href":"https:\/\/api.w.org\/{rel}","templated":true}]}}