{"id":3029,"date":"2021-05-16T20:36:09","date_gmt":"2021-05-16T18:36:09","guid":{"rendered":"http:\/\/www.pacienti.cz\/?page_id=3029"},"modified":"2021-05-16T20:38:09","modified_gmt":"2021-05-16T18:38:09","slug":"ockovaci-centrum-o2-arena","status":"publish","type":"page","link":"https:\/\/www.pacienti.cz\/?page_id=3029","title":{"rendered":"O\u010dkovac\u00ed centrum O2 Ar\u00e9na"},"content":{"rendered":"<hr \/>\n<p>&nbsp;<\/p>\n<h1><span style=\"color: #0000ff;\"><strong>Vyu\u017eijte velkou kapacitu v Praze 9 &#8211; O2 Ar\u00e9n\u011b pro nao\u010dkov\u00e1n\u00ed proti Covid-19<\/strong><\/span><\/h1>\n<p>&nbsp;<\/p>\n<h1><span style=\"color: #0000ff;\"><strong><img loading=\"lazy\" decoding=\"async\" class=\"wp-image-3024 size-large aligncenter\" src=\"https:\/\/www.pacienti.cz\/wp-content\/uploads\/2021\/04\/601763EF-F558-4F7C-8B1C-3C97351B9626-768x1024.jpeg\" alt=\"\" width=\"768\" height=\"1024\" srcset=\"https:\/\/www.pacienti.cz\/wp-content\/uploads\/2021\/04\/601763EF-F558-4F7C-8B1C-3C97351B9626-768x1024.jpeg 768w, https:\/\/www.pacienti.cz\/wp-content\/uploads\/2021\/04\/601763EF-F558-4F7C-8B1C-3C97351B9626-225x300.jpeg 225w, https:\/\/www.pacienti.cz\/wp-content\/uploads\/2021\/04\/601763EF-F558-4F7C-8B1C-3C97351B9626-1152x1536.jpeg 1152w, https:\/\/www.pacienti.cz\/wp-content\/uploads\/2021\/04\/601763EF-F558-4F7C-8B1C-3C97351B9626-1536x2048.jpeg 1536w, https:\/\/www.pacienti.cz\/wp-content\/uploads\/2021\/04\/601763EF-F558-4F7C-8B1C-3C97351B9626-900x1200.jpeg 900w, https:\/\/www.pacienti.cz\/wp-content\/uploads\/2021\/04\/601763EF-F558-4F7C-8B1C-3C97351B9626-scaled.jpeg 1920w\" sizes=\"(max-width: 768px) 100vw, 768px\" \/><\/strong><\/span><\/h1>\n<p>&nbsp;<\/p>\n<h3>Zaparkovat autem ZDARMA od 6.30 do 22.30 hod. m\u016f\u017eete vedle ar\u00e9ny v OC Harfa&#8230;<\/h3>\n<p>&nbsp;<\/p>\n<p><img loading=\"lazy\" decoding=\"async\" class=\"aligncenter wp-image-3028 size-large\" src=\"https:\/\/www.pacienti.cz\/wp-content\/uploads\/2021\/04\/C391E50F-69B4-47D4-A862-7BE35EDC4302-768x1024.jpeg\" alt=\"\" width=\"768\" height=\"1024\" srcset=\"https:\/\/www.pacienti.cz\/wp-content\/uploads\/2021\/04\/C391E50F-69B4-47D4-A862-7BE35EDC4302-768x1024.jpeg 768w, https:\/\/www.pacienti.cz\/wp-content\/uploads\/2021\/04\/C391E50F-69B4-47D4-A862-7BE35EDC4302-225x300.jpeg 225w, https:\/\/www.pacienti.cz\/wp-content\/uploads\/2021\/04\/C391E50F-69B4-47D4-A862-7BE35EDC4302-1152x1536.jpeg 1152w, https:\/\/www.pacienti.cz\/wp-content\/uploads\/2021\/04\/C391E50F-69B4-47D4-A862-7BE35EDC4302-1536x2048.jpeg 1536w, https:\/\/www.pacienti.cz\/wp-content\/uploads\/2021\/04\/C391E50F-69B4-47D4-A862-7BE35EDC4302-900x1200.jpeg 900w, https:\/\/www.pacienti.cz\/wp-content\/uploads\/2021\/04\/C391E50F-69B4-47D4-A862-7BE35EDC4302-scaled.jpeg 1920w\" sizes=\"(max-width: 768px) 100vw, 768px\" \/><\/p>\n<p>&nbsp;<\/p>\n<p>&nbsp;<\/p>\n","protected":false},"excerpt":{"rendered":"<p>&nbsp; Vyu\u017eijte velkou kapacitu v Praze 9 &#8211; O2 Ar\u00e9n\u011b pro nao\u010dkov\u00e1n\u00ed proti Covid-19 &nbsp; &nbsp; Zaparkovat autem ZDARMA od 6.30 do 22.30 hod. m\u016f\u017eete vedle ar\u00e9ny v OC Harfa&#8230; &nbsp; &nbsp; &nbsp;<\/p>\n","protected":false},"author":1,"featured_media":0,"parent":0,"menu_order":0,"comment_status":"closed","ping_status":"closed","template":"","meta":{"footnotes":""},"_links":{"self":[{"href":"https:\/\/www.pacienti.cz\/index.php?rest_route=\/wp\/v2\/pages\/3029"}],"collection":[{"href":"https:\/\/www.pacienti.cz\/index.php?rest_route=\/wp\/v2\/pages"}],"about":[{"href":"https:\/\/www.pacienti.cz\/index.php?rest_route=\/wp\/v2\/types\/page"}],"author":[{"embeddable":true,"href":"https:\/\/www.pacienti.cz\/index.php?rest_route=\/wp\/v2\/users\/1"}],"replies":[{"embeddable":true,"href":"https:\/\/www.pacienti.cz\/index.php?rest_route=%2Fwp%2Fv2%2Fcomments&post=3029"}],"version-history":[{"count":4,"href":"https:\/\/www.pacienti.cz\/index.php?rest_route=\/wp\/v2\/pages\/3029\/revisions"}],"predecessor-version":[{"id":3033,"href":"https:\/\/www.pacienti.cz\/index.php?rest_route=\/wp\/v2\/pages\/3029\/revisions\/3033"}],"wp:attachment":[{"href":"https:\/\/www.pacienti.cz\/index.php?rest_route=%2Fwp%2Fv2%2Fmedia&parent=3029"}],"curies":[{"name":"wp","href":"https:\/\/api.w.org\/{rel}","templated":true}]}}