{"id":3515,"date":"2023-01-20T20:36:01","date_gmt":"2023-01-20T19:36:01","guid":{"rendered":"https:\/\/www.pacienti.cz\/?page_id=3515"},"modified":"2023-01-25T22:33:53","modified_gmt":"2023-01-25T21:33:53","slug":"poznamka-k-volbam-prezidenta-cr","status":"publish","type":"page","link":"https:\/\/www.pacienti.cz\/?page_id=3515","title":{"rendered":"Pozn\u00e1mka k volb\u00e1m prezidenta \u010cR"},"content":{"rendered":"<hr \/>\n<p>&nbsp;<\/p>\n<h1><span style=\"color: #0000ff;\"><strong>Pozn\u00e1mka k volb\u00e1m prezidenta \u010cR<a href=\"https:\/\/www.pacienti.cz\/wp-content\/uploads\/2020\/10\/st\u00e1tn\u00ed_znak_1.jpg\"><img loading=\"lazy\" decoding=\"async\" class=\"alignright wp-image-2750 size-full\" src=\"https:\/\/www.pacienti.cz\/wp-content\/uploads\/2020\/10\/st\u00e1tn\u00ed_znak_1.jpg\" alt=\"\" width=\"144\" height=\"183\" \/><\/a><\/strong><\/span><\/h1>\n<p>&nbsp;<\/p>\n<h3>Pokud sledujeme televizn\u00ed zpr\u00e1vy p\u0159ed 2. kolem volby prezidenta, tak vid\u00edme medi\u00e1ln\u00ed kampan\u011b redakc\u00ed pro Petra Pavla a proti Andreji Babi\u0161ovi.<\/h3>\n<p>&nbsp;<\/p>\n<h3><span style=\"color: #0000ff;\"><a style=\"color: #0000ff;\" href=\"https:\/\/youtu.be\/RwAzxiWhcw8\"><strong>P.Pavel je b\u00fdval\u00fd sov\u011btsk\u00fd vojensk\u00fd \u0161pion,<\/strong><\/a><\/span> kter\u00fd m\u00e1 tajnou slo\u017eku pod z\u00e1mkem, jen d\u00edky sametov\u00e9 revoluci p\u0159evlekl kab\u00e1t, a dostal se do Vojensk\u00e9ho v\u00fdboru NATO.<\/h3>\n<p>&nbsp;<\/p>\n<h3>Dnes kandiduje na prezidenta republiky a vyu\u017e\u00edv\u00e1 podporu ODS &#8211; TOP 09 &#8211; KDU &#8211; STAN &#8211; PIRATI a jejich agres\u00edvn\u00edch voli\u010d\u016f k boj\u016fvk\u00e1m a naru\u0161ov\u00e1n\u00ed shrom\u00e1\u017ed\u011bn\u00ed protikandid\u00e1ta A.Babi\u0161e.<\/h3>\n<p>&nbsp;<\/p>\n<h3>Jinak nem\u00e1 \u017e\u00e1dnou zku\u0161enost v \u010desk\u00e9 politice, a to je zna\u010dn\u00fd handicap b\u00fdt prezidentem.<\/h3>\n<p>&nbsp;<\/p>\n<h3><span style=\"color: #0000ff;\"><a style=\"color: #0000ff;\" href=\"https:\/\/youtu.be\/_aG6yqJwYG4\"><strong>A.Babi\u0161 je zn\u00e1m\u00fd b\u00fdval\u00fd majitel des\u00edtek firem<\/strong><\/a><\/span>, kter\u00e9 d\u00e1vaj\u00ed pr\u00e1ci kolem 40.000 lidem. Nen\u00ed vyjasn\u011bn\u00e9 podez\u0159eni o jeho spolupr\u00e1ci s \u0160tb na Slovenku. M\u00e1 slovensk\u00e9 a \u010desk\u00e9 ob\u010danstvi.<\/h3>\n<p>&nbsp;<\/p>\n<h3>V \u010desk\u00e9 politice je \u00fasp\u011b\u0161n\u00fdm politikem, kter\u00fd byl <strong>ministrem financ\u00ed<\/strong>, naposledy <strong>p\u0159edsedou vl\u00e1dy<\/strong> , kdy sv\u011bt zasahla nezn\u00e1ma infekce z \u010c\u00edny &#8211; Covid19. Cel\u00fd sv\u011bt \u0159e\u0161il za pochodu z\u00e1chranu \u017eivotu, a ne v\u017edy to bylo vn\u00edm\u00e1no dob\u0159e. Sta\u010d\u00ed se pod\u00edvat na It\u00e1lii, kde um\u00edrali lid\u00e9 denn\u011b po stovk\u00e1ch. To vyd\u011bsilo ka\u017ed\u00e9ho, i Vl\u00e1du Babi\u0161e. P\u0159esto nakonec prob\u011bhlo i o\u010dkov\u00e1n\u00ed proti Covidu1 a do\u0161lo k v\u00fdznamn\u00e9mu utlumen\u00ed \u0161\u00ed\u0159en\u00ed t\u00e9to \u010d\u00ednsk\u00e9 infekce\u2026<\/h3>\n<p>&nbsp;<\/p>\n<h3>V hospoda\u0159sk\u00e9 sf\u00e9\u0159e jeho vlada zajistila zvy\u0161ov\u00e1n\u00ed d\u016fchod\u016f a zam\u011bstnanc\u016fm p\u0159id\u00e1n\u00ed 7% do mezd a plat\u016f zru\u0161en\u00edm zlod\u011bjsk\u00e9 dan\u011b ze \u201csuperhrub\u00e9 mzdy\u201d .<\/h3>\n<p>&nbsp;<\/p>\n<h3>V diplom\u00e1cii byl nej\u00fasp\u011b\u0161n\u011bj\u0161\u00ed, p\u0159ijal jej v B\u00edl\u00e9m dom\u011b prezident USA Donald Trump, a ve Francii prezident Emanuel Macron.<\/h3>\n<p>&nbsp;<\/p>\n<h3><strong>N\u00e1\u0161 z\u00e1v\u011br je:<\/strong><\/h3>\n<h3 style=\"text-align: center;\"><strong>V\u00fdhodn\u011bj\u0161\u00ed je podpo\u0159it na prezidenta \u010cR<\/strong><\/h3>\n<h3 style=\"text-align: center;\"><strong>zku\u0161en\u00e9ho a soci\u00e1ln\u011b c\u00edtic\u00edho <\/strong><\/h3>\n<p>&nbsp;<\/p>\n<h3 style=\"text-align: center;\"><strong><a href=\"https:\/\/youtu.be\/2rWyVoh6Rk0\"><span style=\"color: #0000ff;\">Ing. ANDREJE BABI\u0160E<\/span><\/a>.<\/strong><\/h3>\n<p>&nbsp;<\/p>\n<p><a href=\"https:\/\/www.pacienti.cz\/wp-content\/uploads\/2015\/11\/Andrej_Babis.jpg\"><img loading=\"lazy\" decoding=\"async\" class=\"size-full wp-image-651 aligncenter\" src=\"https:\/\/www.pacienti.cz\/wp-content\/uploads\/2015\/11\/Andrej_Babis.jpg\" alt=\"\" width=\"141\" height=\"175\" \/><\/a><\/p>\n<p>&#8211;<\/p>\n<h3>Svaz pacient\u016f \u010cR<\/h3>\n<p>&nbsp;<\/p>\n<hr \/>\n<p>&nbsp;<\/p>\n<h3><span style=\"color: #ff0000;\"><a style=\"color: #ff0000;\" href=\"http:\/\/www.multimediaexpo.cz\/mmecz\/index.php\/NATO#.C4.8Cl.C3.A1nek_5\"><strong>\u010cl.5 Severoatlantick\u00e9 smlouvy\u2026<\/strong><\/a><\/span><\/h3>\n<p>&nbsp;<\/p>\n","protected":false},"excerpt":{"rendered":"<p>&nbsp; Pozn\u00e1mka k volb\u00e1m prezidenta \u010cR &nbsp; Pokud sledujeme televizn\u00ed zpr\u00e1vy p\u0159ed 2. kolem volby prezidenta, tak vid\u00edme medi\u00e1ln\u00ed kampan\u011b redakc\u00ed pro Petra Pavla a proti Andreji Babi\u0161ovi. &nbsp; P.Pavel je b\u00fdval\u00fd sov\u011btsk\u00fd vojensk\u00fd \u0161pion, kter\u00fd m\u00e1 tajnou slo\u017eku pod z\u00e1mkem, jen d\u00edky sametov\u00e9 revoluci p\u0159evlekl kab\u00e1t, a dostal se do Vojensk\u00e9ho v\u00fdboru NATO. &nbsp; [&hellip;]<\/p>\n","protected":false},"author":1,"featured_media":0,"parent":0,"menu_order":0,"comment_status":"closed","ping_status":"closed","template":"","meta":{"footnotes":""},"_links":{"self":[{"href":"https:\/\/www.pacienti.cz\/index.php?rest_route=\/wp\/v2\/pages\/3515"}],"collection":[{"href":"https:\/\/www.pacienti.cz\/index.php?rest_route=\/wp\/v2\/pages"}],"about":[{"href":"https:\/\/www.pacienti.cz\/index.php?rest_route=\/wp\/v2\/types\/page"}],"author":[{"embeddable":true,"href":"https:\/\/www.pacienti.cz\/index.php?rest_route=\/wp\/v2\/users\/1"}],"replies":[{"embeddable":true,"href":"https:\/\/www.pacienti.cz\/index.php?rest_route=%2Fwp%2Fv2%2Fcomments&post=3515"}],"version-history":[{"count":15,"href":"https:\/\/www.pacienti.cz\/index.php?rest_route=\/wp\/v2\/pages\/3515\/revisions"}],"predecessor-version":[{"id":3553,"href":"https:\/\/www.pacienti.cz\/index.php?rest_route=\/wp\/v2\/pages\/3515\/revisions\/3553"}],"wp:attachment":[{"href":"https:\/\/www.pacienti.cz\/index.php?rest_route=%2Fwp%2Fv2%2Fmedia&parent=3515"}],"curies":[{"name":"wp","href":"https:\/\/api.w.org\/{rel}","templated":true}]}}