{"id":43,"date":"2015-11-02T20:15:41","date_gmt":"2015-11-02T19:15:41","guid":{"rendered":"http:\/\/www.pacienti.cz\/?page_id=43"},"modified":"2023-06-28T20:48:08","modified_gmt":"2023-06-28T18:48:08","slug":"programove-navrhy","status":"publish","type":"page","link":"https:\/\/www.pacienti.cz\/?page_id=43","title":{"rendered":"Programov\u00e9 n\u00e1vrhy"},"content":{"rendered":"<hr \/>\n<p>&nbsp;<\/p>\n<ol>\n<li>\n<h3><span style=\"color: #0000ff;\"><a style=\"color: #0000ff;\" href=\"https:\/\/www.pacienti.cz\/?page_id=1279\"><strong>V\u00fdtah z Programov\u00fdch c\u00edl\u016f Svazu pacient\u016f \u010cR<\/strong><\/a><\/span><\/h3>\n<\/li>\n<li>\n<h3><span style=\"color: #0000ff;\"><a style=\"color: #0000ff;\" href=\"https:\/\/www.pacienti.cz\/?page_id=37\"><strong>Programov\u00e9 c\u00edle Svazu pacient\u016f \u010cR<\/strong><\/a><\/span><\/h3>\n<\/li>\n<li>\n<h3><span style=\"color: #0000ff;\"><strong><a style=\"color: #0000ff;\" href=\"https:\/\/www.pacienti.cz\/?page_id=90\">Pacientsk\u00e9 desatero<\/a><\/strong><\/span><\/h3>\n<\/li>\n<li><\/li>\n<\/ol>\n<p>&nbsp;<\/p>\n","protected":false},"excerpt":{"rendered":"<p>&nbsp; V\u00fdtah z Programov\u00fdch c\u00edl\u016f Svazu pacient\u016f \u010cR Programov\u00e9 c\u00edle Svazu pacient\u016f \u010cR Pacientsk\u00e9 desatero &nbsp;<\/p>\n","protected":false},"author":1,"featured_media":0,"parent":31,"menu_order":0,"comment_status":"closed","ping_status":"closed","template":"","meta":{"footnotes":""},"_links":{"self":[{"href":"https:\/\/www.pacienti.cz\/index.php?rest_route=\/wp\/v2\/pages\/43"}],"collection":[{"href":"https:\/\/www.pacienti.cz\/index.php?rest_route=\/wp\/v2\/pages"}],"about":[{"href":"https:\/\/www.pacienti.cz\/index.php?rest_route=\/wp\/v2\/types\/page"}],"author":[{"embeddable":true,"href":"https:\/\/www.pacienti.cz\/index.php?rest_route=\/wp\/v2\/users\/1"}],"replies":[{"embeddable":true,"href":"https:\/\/www.pacienti.cz\/index.php?rest_route=%2Fwp%2Fv2%2Fcomments&post=43"}],"version-history":[{"count":8,"href":"https:\/\/www.pacienti.cz\/index.php?rest_route=\/wp\/v2\/pages\/43\/revisions"}],"predecessor-version":[{"id":3767,"href":"https:\/\/www.pacienti.cz\/index.php?rest_route=\/wp\/v2\/pages\/43\/revisions\/3767"}],"up":[{"embeddable":true,"href":"https:\/\/www.pacienti.cz\/index.php?rest_route=\/wp\/v2\/pages\/31"}],"wp:attachment":[{"href":"https:\/\/www.pacienti.cz\/index.php?rest_route=%2Fwp%2Fv2%2Fmedia&parent=43"}],"curies":[{"name":"wp","href":"https:\/\/api.w.org\/{rel}","templated":true}]}}