{"id":47,"date":"2015-11-02T20:16:18","date_gmt":"2015-11-02T19:16:18","guid":{"rendered":"http:\/\/www.pacienti.cz\/?page_id=47"},"modified":"2015-11-15T01:49:11","modified_gmt":"2015-11-15T00:49:11","slug":"reklama-na-webu","status":"publish","type":"page","link":"https:\/\/www.pacienti.cz\/?page_id=47","title":{"rendered":"Reklama na webu"},"content":{"rendered":"<h2><span style=\"color: #000080;\"><strong>Informace k reklam\u011b na webu<\/strong><\/span><\/h2>\n<p>&nbsp;<\/p>\n<ol>\n<li style=\"text-align: justify;\">Svaz pacient\u016f \u010cR je ob\u010dansk\u00fdm sdru\u017een\u00edm s\u00a0humanit\u00e1rn\u00ed \u010dinnost\u00ed. S\u00a0ohledem na tuto skute\u010dnost nab\u00edz\u00edme prostor na sv\u00e9m webu <a href=\"https:\/\/www.pacienti.cz\/\">pacienti.cz<\/a> ke zve\u0159ejn\u011bn\u00ed Va\u0161i reklamy formou vyv\u011b\u0161en\u00ed banner\u016f\n<ul>\n<li style=\"text-align: justify;\">ve sloupc\u00edch 130x130px nebo 130x75px<\/li>\n<\/ul>\n<\/li>\n<\/ol>\n<p style=\"padding-left: 60px;\">\n<ol style=\"text-align: justify;\" start=\"2\">\n<li>Jako sdru\u017een\u00ed chceme vyu\u017e\u00edvat v\u0161ech prost\u0159edk\u016f maxim\u00e1ln\u011b pro \u010dinnost sdru\u017een\u00ed, proto nezav\u00e1d\u00edme poplatky nebo neprod\u00e1v\u00e1me prostor, ale nab\u00edz\u00edme mo\u017enost vyv\u011b\u0161en\u00ed Va\u0161eho banneru proto\n<ul>\n<li>p\u0159\u00edsp\u011bvku na \u010dinnost nebo sponzorsk\u00e9mu daru.<\/li>\n<\/ul>\n<\/li>\n<\/ol>\n<div><\/div>\n<ol style=\"text-align: justify;\" start=\"2\">\n<li>Sponzorsk\u00fd dar m\u00e1\u00a0v\u00fdhodu sn\u00ed\u017een\u00ed da\u0148ov\u00e9ho z\u00e1kladu pro d\u00e1rce.<\/li>\n<li style=\"text-align: justify;\">Bli\u017e\u0161\u00ed informace nebo Smlouvu na sponzorsk\u00fd dar poskytneme e-mailem. M\u00e1te-li z\u00e1jem o um\u00edst\u011bn\u00ed sv\u00e9 reklamy na na\u0161em webu, napi\u0161te n\u00e1m, zjist\u011bte si voln\u00fd term\u00edn pro um\u00edst\u011bn\u00ed banneru na adresu reklama@pacienti.cz .<\/li>\n<\/ol>\n<p>&nbsp;<\/p>\n<p>&nbsp;<\/p>\n<p><strong>P\u0159ehled v\u00fd\u0161e p\u0159\u00edsp\u011bvku nebo sponzorsk\u00e9ho daru:<\/strong><\/p>\n<p>&nbsp;<\/p>\n<table>\n<tbody>\n<tr>\n<td width=\"192\"><strong>\u00a0<\/strong><\/p>\n<p><strong>Banner ve sloupci<\/strong><\/td>\n<td width=\"192\"><strong>P\u0159\u00edsp\u011bvek \/ sponzorsk\u00fd dar<\/strong><\/p>\n<p><em>\u00a0<\/em><\/td>\n<\/tr>\n<tr>\n<td width=\"192\">&nbsp;<\/p>\n<p>2 m\u011bs\u00edce<\/td>\n<td width=\"192\">&nbsp;<\/p>\n<p>2000<\/td>\n<\/tr>\n<tr>\n<td width=\"192\">&nbsp;<\/p>\n<p>4 m\u011bs\u00edce<\/td>\n<td width=\"192\">&nbsp;<\/p>\n<p>3900<\/td>\n<\/tr>\n<tr>\n<td width=\"192\">&nbsp;<\/p>\n<p>6 m\u011bs\u00edc\u016f<\/td>\n<td width=\"192\">&nbsp;<\/p>\n<p>5000<\/td>\n<\/tr>\n<tr>\n<td width=\"192\">&nbsp;<\/p>\n<p>9 m\u011bs\u00edc\u016f<\/td>\n<td width=\"192\">&nbsp;<\/p>\n<p>7000<\/td>\n<\/tr>\n<tr>\n<td width=\"192\">&nbsp;<\/p>\n<p>12 m\u011bs\u00edc\u016f<\/td>\n<td width=\"192\">&nbsp;<\/p>\n<p>9900<\/td>\n<\/tr>\n<\/tbody>\n<\/table>\n<p>&nbsp;<\/p>\n<p>&nbsp;<\/p>\n<p style=\"text-align: justify;\">Dovolujeme si vyhradit pr\u00e1vo na odm\u00edtnut\u00ed vyv\u011b\u0161en\u00ed reklamy, pokud bude obsahovat spole\u010densk\u00fd, estetick\u00fd nebo mravn\u011b nevhodn\u00e9 \u0159e\u0161en\u00ed.<\/p>\n<p>&nbsp;<\/p>\n<p>D\u011bkujeme za V\u00e1\u0161 z\u00e1jem.<\/p>\n<p>&nbsp;<\/p>\n<p>&nbsp;<\/p>\n<p><strong><em>V\u00e1\u0161 <\/em><\/strong><\/p>\n<p><strong><em>\u00a0<\/em><\/strong><\/p>\n<p><strong><em>Svaz pacient\u016f \u010cR <\/em><\/strong><\/p>\n<p><em>reklama@pacienti.cz\u00a0 <\/em><\/p>\n<p>&nbsp;<\/p>\n<p>&nbsp;<\/p>\n","protected":false},"excerpt":{"rendered":"<p>Informace k reklam\u011b na webu &nbsp; Svaz pacient\u016f \u010cR je ob\u010dansk\u00fdm sdru\u017een\u00edm s\u00a0humanit\u00e1rn\u00ed \u010dinnost\u00ed. S\u00a0ohledem na tuto skute\u010dnost nab\u00edz\u00edme prostor na sv\u00e9m webu pacienti.cz ke zve\u0159ejn\u011bn\u00ed Va\u0161i reklamy formou vyv\u011b\u0161en\u00ed banner\u016f ve sloupc\u00edch 130x130px nebo 130x75px Jako sdru\u017een\u00ed chceme vyu\u017e\u00edvat v\u0161ech prost\u0159edk\u016f maxim\u00e1ln\u011b pro \u010dinnost sdru\u017een\u00ed, proto nezav\u00e1d\u00edme poplatky nebo neprod\u00e1v\u00e1me prostor, ale nab\u00edz\u00edme mo\u017enost [&hellip;]<\/p>\n","protected":false},"author":1,"featured_media":0,"parent":31,"menu_order":0,"comment_status":"closed","ping_status":"closed","template":"","meta":{"footnotes":""},"_links":{"self":[{"href":"https:\/\/www.pacienti.cz\/index.php?rest_route=\/wp\/v2\/pages\/47"}],"collection":[{"href":"https:\/\/www.pacienti.cz\/index.php?rest_route=\/wp\/v2\/pages"}],"about":[{"href":"https:\/\/www.pacienti.cz\/index.php?rest_route=\/wp\/v2\/types\/page"}],"author":[{"embeddable":true,"href":"https:\/\/www.pacienti.cz\/index.php?rest_route=\/wp\/v2\/users\/1"}],"replies":[{"embeddable":true,"href":"https:\/\/www.pacienti.cz\/index.php?rest_route=%2Fwp%2Fv2%2Fcomments&post=47"}],"version-history":[{"count":4,"href":"https:\/\/www.pacienti.cz\/index.php?rest_route=\/wp\/v2\/pages\/47\/revisions"}],"predecessor-version":[{"id":525,"href":"https:\/\/www.pacienti.cz\/index.php?rest_route=\/wp\/v2\/pages\/47\/revisions\/525"}],"up":[{"embeddable":true,"href":"https:\/\/www.pacienti.cz\/index.php?rest_route=\/wp\/v2\/pages\/31"}],"wp:attachment":[{"href":"https:\/\/www.pacienti.cz\/index.php?rest_route=%2Fwp%2Fv2%2Fmedia&parent=47"}],"curies":[{"name":"wp","href":"https:\/\/api.w.org\/{rel}","templated":true}]}}