{"id":577,"date":"2015-11-18T18:33:33","date_gmt":"2015-11-18T17:33:33","guid":{"rendered":"http:\/\/www.pacienti.cz\/?page_id=577"},"modified":"2022-06-29T21:25:57","modified_gmt":"2022-06-29T19:25:57","slug":"prihlaska","status":"publish","type":"page","link":"https:\/\/www.pacienti.cz\/?page_id=577","title":{"rendered":"P\u0159ihl\u00e1\u0161ka"},"content":{"rendered":"<h3><strong><span style=\"text-decoration: underline;\"><span style=\"color: #008000; text-decoration: underline;\">P\u0159ihl\u00e1\u0161ka za sympatizuj\u00edc\u00edho \u010dlena Svazu pacient\u016f \u010cR:<\/span><\/span><\/strong><\/h3>\n\n\n<div class=\"scfp-form-content\">\n    <form class=\"scfp-form\" id=\"wcpform_kv8e49u3a\"  method=\"post\" action=\"\">\n        <input type=\"hidden\" name=\"form_id\" value=\"wcpform_kv8e49u3a\"\/>\n        <input type=\"hidden\" name=\"action\" value=\"scfp-form-submit\"\/>\n            <div class=\"scfp-form-row\">\n                    <label class=\"scfp-form-label\" for=\"scfp-name\">Jm\u00e9no <span class=\"scfp-form-field-required\">*<\/span><\/label>\n                \n        <input  class=\"scfp-form-field\" type=\"text\" id=\"scfp-name\" name=\"scfp-name\"  required  value=\"\">\n\n            <\/div>\n    <div class=\"scfp-form-row\">\n                    <label class=\"scfp-form-label\" for=\"scfp-b84a0e63bb52\">P\u0159\u00edjmen\u00ed <span class=\"scfp-form-field-required\">*<\/span><\/label>\n                \n        <input  class=\"scfp-form-field\" type=\"text\" id=\"scfp-b84a0e63bb52\" name=\"scfp-b84a0e63bb52\"  required  value=\"\">\n\n            <\/div>\n    <div class=\"scfp-form-row\">\n                    <label class=\"scfp-form-label\" for=\"scfp-f512ca35a318\">Titul<\/label>\n                \n        <input  class=\"scfp-form-field\" type=\"text\" id=\"scfp-f512ca35a318\" name=\"scfp-f512ca35a318\"  value=\"\">\n\n            <\/div>\n    <div class=\"scfp-form-row\">\n                    <label class=\"scfp-form-label\" for=\"scfp-123355077825\">Datum narozen\u00ed <span class=\"scfp-form-field-required\">*<\/span><\/label>\n                \n        <input  class=\"scfp-form-field\" type=\"text\" id=\"scfp-123355077825\" name=\"scfp-123355077825\"  required  value=\"\">\n\n            <\/div>\n    <div class=\"scfp-form-row\">\n                    <label class=\"scfp-form-label\" for=\"scfp-phone\">Telefon<\/label>\n                \n        <input  class=\"scfp-form-field\" type=\"text\" id=\"scfp-phone\" name=\"scfp-phone\"  value=\"\">\n\n            <\/div>\n    <div class=\"scfp-form-row\">\n                    <label class=\"scfp-form-label\" for=\"scfp-email\">E-mail <span class=\"scfp-form-field-required\">*<\/span><\/label>\n                \n        <input  class=\"scfp-form-field\" type=\"email\" id=\"scfp-email\" name=\"scfp-email\"  required  value=\"\">\n\n            <\/div>\n    <div class=\"scfp-form-row\">\n                    <label class=\"scfp-form-label\" for=\"scfp-d53c208c27b1\">Adresa <span class=\"scfp-form-field-required\">*<\/span><\/label>\n                \n        <input  class=\"scfp-form-field\" type=\"text\" id=\"scfp-d53c208c27b1\" name=\"scfp-d53c208c27b1\"  required  value=\"\">\n\n            <\/div>\n    <div class=\"scfp-form-row\">\n                    <label class=\"scfp-form-label\" for=\"scfp-e7dda71d2003\">Povol\u00e1n\u00ed<\/label>\n                \n        <input  class=\"scfp-form-field\" type=\"text\" id=\"scfp-e7dda71d2003\" name=\"scfp-e7dda71d2003\"  value=\"\">\n\n            <\/div>\n    <div class=\"scfp-form-row\">\n                    <label class=\"scfp-form-label\" for=\"scfp-e3750a9be2c5\">Chci spolupracovat jako<\/label>\n                \n        <input  class=\"scfp-form-field\" type=\"text\" id=\"scfp-e3750a9be2c5\" name=\"scfp-e3750a9be2c5\"  value=\"\">\n\n            <\/div>\n    <div class=\"scfp-form-row\">\n                    <label class=\"scfp-form-label\" for=\"scfp-captcha\">Opi\u0161te pros\u00edm kontroln\u00ed k\u00f3d <span class=\"scfp-form-field-required\">*<\/span><\/label>\n                    \n        <div class=\"scfp-captcha\">                                \n            <div class=\"scfp-captcha-image\">\n                <div class=\"scfp-captcha-image-wrapper\">\n                    <img decoding=\"async\" src=\"data:image\/png;base64,iVBORw0KGgoAAAANSUhEUgAAAMgAAABGCAIAAAAGgExhAAAACXBIWXMAAA7EAAAOxAGVKw4bAAAAz0lEQVR4nO3SwQ3AIBDAsNL9dz6WIEJC9gR5ZM3MB6f9twN4k7FIGIuEsUgYi4SxSBiLhLFIGIuEsUgYi4SxSBiLhLFIGIuEsUgYi4SxSBiLhLFIGIuEsUgYi4SxSBiLhLFIGIuEsUgYi4SxSBiLhLFIGIuEsUgYi4SxSBiLhLFIGIuEsUgYi4SxSBiLhLFIGIuEsUgYi4SxSBiLhLFIGIuEsUgYi4SxSBiLhLFIGIuEsUgYi4SxSBiLhLFIGIuEsUgYi4SxSBiLhLFIGIvEBsJGA4kCb7UHAAAAAElFTkSuQmCC\" alt=\"\" \/>\n                <\/div>    \n            <\/div>    \n            <div class=\"scfp-captcha-field\">\n                <input  class=\"scfp-form-field\" type=\"text\" id=\"scfp-captcha\" name=\"scfp-captcha\"  required >\n                <a class=\"scfp-captcha-refresh\" data-key=\"captcha\" data-id=\"wcpform_kv8e49u3a\" href=\"javascript:void();\">\n                    <div class=\"scfp-captcha-refresh-inner\">\n                        <div class=\"scfp-captcha-refresh-inner-icon\">\n                            <span class=\"scfp-icon-refresh\"><\/span>\n                            <span class=\"scfp-no-styles\">Refresh<\/span>\n                        <\/div>    \n                    <\/div>    \n                <\/a>\n            <\/div>\n            \n                         \n        <\/div>        \n    <\/div>\n    <div class=\"scfp-form-row scfp-form-row-checkbox\">\n                \n          \n            <div class=\"scfp-form-row-checkbox-row\">\n                <input  type=\"checkbox\" id=\"scfp-7b68dc74e155-62849e2c3efe5\" name=\"scfp-7b68dc74e155[]\"  required   value=\"62849e2c3efe5\"\/>            \n                <label class=\"scfp-form-label\" for=\"scfp-7b68dc74e155-62849e2c3efe5\">Souhlas\u00edm s t\u00edm, aby m\u00e9 osobn\u00ed \u00fadaje, byly po\u010d\u00edta\u010dov\u011b zpracov\u00e1ny pro intern\u00ed pot\u0159ebu Svazu pacient\u016f. Na mou \u017e\u00e1dost budou \u00fadaje z datab\u00e1ze vy\u0159azeny. <span class=\"scfp-form-field-required\">*<\/span><\/label>                            \n            <\/div>\n        \n                \n    <\/div>\n        <div class=\"scfp-form-action scfp-form-button-position-right\">\n            <input class=\"scfp-form-submit\" type=\"submit\" value=\"Odeslat p\u0159ihl\u00e1\u0161ku\">\n        <\/div>        \n    <\/form>\n<\/div>\n\n<p>&nbsp;<\/p>\n<p>&nbsp;<\/p>\n","protected":false},"excerpt":{"rendered":"<p>P\u0159ihl\u00e1\u0161ka za sympatizuj\u00edc\u00edho \u010dlena Svazu pacient\u016f \u010cR: &nbsp; &nbsp;<\/p>\n","protected":false},"author":1,"featured_media":0,"parent":0,"menu_order":0,"comment_status":"closed","ping_status":"closed","template":"","meta":{"footnotes":""},"_links":{"self":[{"href":"https:\/\/www.pacienti.cz\/index.php?rest_route=\/wp\/v2\/pages\/577"}],"collection":[{"href":"https:\/\/www.pacienti.cz\/index.php?rest_route=\/wp\/v2\/pages"}],"about":[{"href":"https:\/\/www.pacienti.cz\/index.php?rest_route=\/wp\/v2\/types\/page"}],"author":[{"embeddable":true,"href":"https:\/\/www.pacienti.cz\/index.php?rest_route=\/wp\/v2\/users\/1"}],"replies":[{"embeddable":true,"href":"https:\/\/www.pacienti.cz\/index.php?rest_route=%2Fwp%2Fv2%2Fcomments&post=577"}],"version-history":[{"count":7,"href":"https:\/\/www.pacienti.cz\/index.php?rest_route=\/wp\/v2\/pages\/577\/revisions"}],"predecessor-version":[{"id":3342,"href":"https:\/\/www.pacienti.cz\/index.php?rest_route=\/wp\/v2\/pages\/577\/revisions\/3342"}],"wp:attachment":[{"href":"https:\/\/www.pacienti.cz\/index.php?rest_route=%2Fwp%2Fv2%2Fmedia&parent=577"}],"curies":[{"name":"wp","href":"https:\/\/api.w.org\/{rel}","templated":true}]}}