{"id":60,"date":"2015-11-02T20:32:03","date_gmt":"2015-11-02T19:32:03","guid":{"rendered":"http:\/\/www.pacienti.cz\/?page_id=60"},"modified":"2024-05-21T19:05:05","modified_gmt":"2024-05-21T17:05:05","slug":"poradna","status":"publish","type":"page","link":"https:\/\/www.pacienti.cz\/?page_id=60","title":{"rendered":"Poradna"},"content":{"rendered":"<hr \/>\n<p>Poradny<img loading=\"lazy\" decoding=\"async\" class=\"alignright wp-image-529 size-thumbnail\" src=\"https:\/\/www.pacienti.cz\/wp-content\/uploads\/2015\/11\/graduate-cap-303806__180-150x150.png\" width=\"150\" height=\"150\" \/><\/p>\n<p>&nbsp;<\/p>\n<h3><strong><span style=\"color: #0000ff;\"><a style=\"color: #0000ff;\" href=\"http:\/\/www.emimino.cz\/poradny\/\">Odborn\u00e9 poradny<\/a><\/span><\/strong><\/h3>\n<p>&nbsp;<\/p>\n<p>&nbsp;<\/p>\n<h3><strong><span style=\"color: #ff0000;\"><a style=\"color: #ff0000;\" href=\"https:\/\/www.pacienti.cz\/?page_id=62\"><span style=\"color: #ff0000;\">Poradna Svazu pacient\u016f \u010cR<\/span><\/a><\/span><\/strong><\/h3>\n<p>&nbsp;<\/p>\n<p>&nbsp;<\/p>\n<p>&nbsp;<\/p>\n<p>&nbsp;<\/p>\n","protected":false},"excerpt":{"rendered":"<p>Poradny &nbsp; Odborn\u00e9 poradny &nbsp; &nbsp; Poradna Svazu pacient\u016f \u010cR &nbsp; &nbsp; &nbsp; &nbsp;<\/p>\n","protected":false},"author":1,"featured_media":0,"parent":1215,"menu_order":0,"comment_status":"closed","ping_status":"closed","template":"","meta":{"footnotes":""},"_links":{"self":[{"href":"https:\/\/www.pacienti.cz\/index.php?rest_route=\/wp\/v2\/pages\/60"}],"collection":[{"href":"https:\/\/www.pacienti.cz\/index.php?rest_route=\/wp\/v2\/pages"}],"about":[{"href":"https:\/\/www.pacienti.cz\/index.php?rest_route=\/wp\/v2\/types\/page"}],"author":[{"embeddable":true,"href":"https:\/\/www.pacienti.cz\/index.php?rest_route=\/wp\/v2\/users\/1"}],"replies":[{"embeddable":true,"href":"https:\/\/www.pacienti.cz\/index.php?rest_route=%2Fwp%2Fv2%2Fcomments&post=60"}],"version-history":[{"count":6,"href":"https:\/\/www.pacienti.cz\/index.php?rest_route=\/wp\/v2\/pages\/60\/revisions"}],"predecessor-version":[{"id":4552,"href":"https:\/\/www.pacienti.cz\/index.php?rest_route=\/wp\/v2\/pages\/60\/revisions\/4552"}],"up":[{"embeddable":true,"href":"https:\/\/www.pacienti.cz\/index.php?rest_route=\/wp\/v2\/pages\/1215"}],"wp:attachment":[{"href":"https:\/\/www.pacienti.cz\/index.php?rest_route=%2Fwp%2Fv2%2Fmedia&parent=60"}],"curies":[{"name":"wp","href":"https:\/\/api.w.org\/{rel}","templated":true}]}}