{"id":68,"date":"2015-11-02T20:33:39","date_gmt":"2015-11-02T19:33:39","guid":{"rendered":"http:\/\/www.pacienti.cz\/?page_id=68"},"modified":"2023-05-30T18:43:42","modified_gmt":"2023-05-30T16:43:42","slug":"stomatologicka-pece","status":"publish","type":"page","link":"https:\/\/www.pacienti.cz\/?page_id=68","title":{"rendered":"Stomatologick\u00e1 p\u00e9\u010de"},"content":{"rendered":"<hr \/>\n<p>&nbsp;<\/p>\n<p>30.5.2023 &#8211; <span style=\"color: #0000ff;\"><a style=\"color: #0000ff;\" href=\"https:\/\/zena-in.cz\/clanek\/za-plombu-nemusite-u-zubare-utratit-ani-korunu-pojistovna-v-nekterych-pripadech-hradi-i-tu-bilou?utm_source=www.seznam.cz&amp;utm_medium=sekce-z-internetu#dop_ab_variant=933701&amp;dop_source_zone_name=hpfeed.sznhp.box\"><strong>Za plombu nemus\u00edte u zuba\u0159e utratit ani korunu<\/strong><\/a><\/span><\/p>\n<hr \/>\n<p><strong><span style=\"color: #ff0000;\"><br \/>\n1.1.2022 &#8211;\u00a0<span style=\"color: #0000ff;\"><a style=\"color: #0000ff;\" href=\"https:\/\/www.lks-casopis.cz\/clanek\/nova-pravni-uprava-stomatologickych-vyrobku-a-ortodontickych-vykonu\/\">Nov\u00e1 pr\u00e1vn\u00ed \u00faprava stomatologick\u00fdch v\u00fdrobk\u016f a ortodontick\u00fdch v\u00fdkon\u016f<\/a><br \/>\n<\/span><\/span><\/strong><\/p>\n<p>&nbsp;<\/p>\n<hr \/>\n<h5><strong><span style=\"color: #ff0000;\">3. <a style=\"color: #ff0000;\" href=\"https:\/\/www.dent.cz\/pohotovosti\/\">P\u0159ehled zubn\u00edch pohotovost\u00ed v \u010cesk\u00e9 republice<\/a><\/span><\/strong><\/h5>\n<h5><strong>2. <a href=\"https:\/\/domino.dent.cz\/csk\/registrujici.nsf\/zpkrajobec.xsp\">Seznam \u010dlen\u016f podle poskytovan\u00e9 zdravotn\u00ed p\u00e9\u010de a obce<\/a><\/strong><\/h5>\n<h5><span style=\"color: #0000ff;\"><strong>1. <a style=\"color: #0000ff;\" href=\"https:\/\/domino.dent.cz\/csk\/registrujici.nsf\/zpkrajobec.xsp\">Seznam l\u00e9ka\u0159\u016f, kte\u0159\u00ed registruj\u00ed pacienty<\/a><\/strong><\/span><\/h5>\n<p>&nbsp;<\/p>\n<p>&nbsp;<\/p>\n<p>&nbsp;<\/p>\n","protected":false},"excerpt":{"rendered":"<p>&nbsp; 30.5.2023 &#8211; Za plombu nemus\u00edte u zuba\u0159e utratit ani korunu 1.1.2022 &#8211;\u00a0Nov\u00e1 pr\u00e1vn\u00ed \u00faprava stomatologick\u00fdch v\u00fdrobk\u016f a ortodontick\u00fdch v\u00fdkon\u016f &nbsp; 3. P\u0159ehled zubn\u00edch pohotovost\u00ed v \u010cesk\u00e9 republice 2. Seznam \u010dlen\u016f podle poskytovan\u00e9 zdravotn\u00ed p\u00e9\u010de a obce 1. Seznam l\u00e9ka\u0159\u016f, kte\u0159\u00ed registruj\u00ed pacienty &nbsp; &nbsp; &nbsp;<\/p>\n","protected":false},"author":1,"featured_media":0,"parent":1215,"menu_order":0,"comment_status":"closed","ping_status":"closed","template":"","meta":{"footnotes":""},"_links":{"self":[{"href":"https:\/\/www.pacienti.cz\/index.php?rest_route=\/wp\/v2\/pages\/68"}],"collection":[{"href":"https:\/\/www.pacienti.cz\/index.php?rest_route=\/wp\/v2\/pages"}],"about":[{"href":"https:\/\/www.pacienti.cz\/index.php?rest_route=\/wp\/v2\/types\/page"}],"author":[{"embeddable":true,"href":"https:\/\/www.pacienti.cz\/index.php?rest_route=\/wp\/v2\/users\/1"}],"replies":[{"embeddable":true,"href":"https:\/\/www.pacienti.cz\/index.php?rest_route=%2Fwp%2Fv2%2Fcomments&post=68"}],"version-history":[{"count":13,"href":"https:\/\/www.pacienti.cz\/index.php?rest_route=\/wp\/v2\/pages\/68\/revisions"}],"predecessor-version":[{"id":3725,"href":"https:\/\/www.pacienti.cz\/index.php?rest_route=\/wp\/v2\/pages\/68\/revisions\/3725"}],"up":[{"embeddable":true,"href":"https:\/\/www.pacienti.cz\/index.php?rest_route=\/wp\/v2\/pages\/1215"}],"wp:attachment":[{"href":"https:\/\/www.pacienti.cz\/index.php?rest_route=%2Fwp%2Fv2%2Fmedia&parent=68"}],"curies":[{"name":"wp","href":"https:\/\/api.w.org\/{rel}","templated":true}]}}