{"id":764,"date":"2016-01-27T23:39:47","date_gmt":"2016-01-27T22:39:47","guid":{"rendered":"http:\/\/www.pacienti.cz\/?page_id=764"},"modified":"2022-07-27T09:41:41","modified_gmt":"2022-07-27T07:41:41","slug":"kluby-a-sekce","status":"publish","type":"page","link":"https:\/\/www.pacienti.cz\/?page_id=764","title":{"rendered":"Kluby a sekce"},"content":{"rendered":"<hr \/>\n<hr \/>\n<h2><span style=\"color: #ff0000;\"><b>Kluby a sekce Svazu pacient\u016f \u010cR<img loading=\"lazy\" decoding=\"async\" class=\"alignright wp-image-285\" src=\"https:\/\/www.pacienti.cz\/wp-content\/uploads\/2015\/08\/insurance-911819__180.png\" alt=\"\" width=\"195\" height=\"166\" \/><\/b><\/span><\/h2>\n<h2><\/h2>\n<p>&nbsp;<\/p>\n<p>&nbsp;<\/p>\n<p><a href=\"https:\/\/www.pacienti.cz\/?p=3404\"><img loading=\"lazy\" decoding=\"async\" class=\"alignleft wp-image-3386\" src=\"https:\/\/www.pacienti.cz\/wp-content\/uploads\/2022\/07\/F760A52F-C02F-46D2-A01A-5E0149D67109-150x150.webp\" alt=\"\" width=\"58\" height=\"34\" srcset=\"https:\/\/www.pacienti.cz\/wp-content\/uploads\/2022\/07\/F760A52F-C02F-46D2-A01A-5E0149D67109-300x175.webp 300w, https:\/\/www.pacienti.cz\/wp-content\/uploads\/2022\/07\/F760A52F-C02F-46D2-A01A-5E0149D67109-1024x597.webp 1024w, https:\/\/www.pacienti.cz\/wp-content\/uploads\/2022\/07\/F760A52F-C02F-46D2-A01A-5E0149D67109-768x448.webp 768w, https:\/\/www.pacienti.cz\/wp-content\/uploads\/2022\/07\/F760A52F-C02F-46D2-A01A-5E0149D67109.webp 1280w\" sizes=\"(max-width: 58px) 100vw, 58px\" \/><\/a><\/p>\n<h3><a href=\"https:\/\/www.pacienti.cz\/?p=3404\"><strong>Klub senior\u016f Svazu pacient\u016f \u010cR<\/strong><\/a><\/h3>\n<p>&nbsp;<\/p>\n<p>&nbsp;<\/p>\n<p><a href=\"http:\/\/www.me-cfs.cz\/\"><img loading=\"lazy\" decoding=\"async\" class=\"alignleft wp-image-770\" title=\"Klub ME\/CFS\" src=\"https:\/\/www.pacienti.cz\/wp-content\/uploads\/2016\/01\/logo_kruh-150x140.gif\" alt=\"logo_kruh\" width=\"60\" height=\"45\" \/><\/a><\/p>\n<h3><span style=\"color: #000000;\"><a style=\"color: #000000;\" href=\"http:\/\/www.me-cfs.cz\/\"><strong>Klub pacient\u016f ME\/CFS<\/strong><\/a><\/span><\/h3>\n<p>&nbsp;<\/p>\n<p>&nbsp;<\/p>\n<p>&nbsp;<\/p>\n<p>&nbsp;<\/p>\n","protected":false},"excerpt":{"rendered":"<p>Kluby a sekce Svazu pacient\u016f \u010cR &nbsp; &nbsp; Klub senior\u016f Svazu pacient\u016f \u010cR &nbsp; &nbsp; Klub pacient\u016f ME\/CFS &nbsp; &nbsp; &nbsp; &nbsp;<\/p>\n","protected":false},"author":1,"featured_media":0,"parent":1215,"menu_order":0,"comment_status":"closed","ping_status":"closed","template":"","meta":{"footnotes":""},"_links":{"self":[{"href":"https:\/\/www.pacienti.cz\/index.php?rest_route=\/wp\/v2\/pages\/764"}],"collection":[{"href":"https:\/\/www.pacienti.cz\/index.php?rest_route=\/wp\/v2\/pages"}],"about":[{"href":"https:\/\/www.pacienti.cz\/index.php?rest_route=\/wp\/v2\/types\/page"}],"author":[{"embeddable":true,"href":"https:\/\/www.pacienti.cz\/index.php?rest_route=\/wp\/v2\/users\/1"}],"replies":[{"embeddable":true,"href":"https:\/\/www.pacienti.cz\/index.php?rest_route=%2Fwp%2Fv2%2Fcomments&post=764"}],"version-history":[{"count":17,"href":"https:\/\/www.pacienti.cz\/index.php?rest_route=\/wp\/v2\/pages\/764\/revisions"}],"predecessor-version":[{"id":3408,"href":"https:\/\/www.pacienti.cz\/index.php?rest_route=\/wp\/v2\/pages\/764\/revisions\/3408"}],"up":[{"embeddable":true,"href":"https:\/\/www.pacienti.cz\/index.php?rest_route=\/wp\/v2\/pages\/1215"}],"wp:attachment":[{"href":"https:\/\/www.pacienti.cz\/index.php?rest_route=%2Fwp%2Fv2%2Fmedia&parent=764"}],"curies":[{"name":"wp","href":"https:\/\/api.w.org\/{rel}","templated":true}]}}