{"id":90,"date":"2015-11-02T22:15:07","date_gmt":"2015-11-02T21:15:07","guid":{"rendered":"http:\/\/www.pacienti.cz\/?page_id=90"},"modified":"2019-09-23T02:29:02","modified_gmt":"2019-09-23T00:29:02","slug":"pacientske-desatero","status":"publish","type":"page","link":"https:\/\/www.pacienti.cz\/?page_id=90","title":{"rendered":"Pacientsk\u00e9 desatero"},"content":{"rendered":"<hr \/>\n<p><a href=\"https:\/\/www.pacienti.cz\/wp-content\/uploads\/2015\/11\/lekarka.png\"><img loading=\"lazy\" decoding=\"async\" class=\"size-medium wp-image-98 alignright\" src=\"https:\/\/www.pacienti.cz\/wp-content\/uploads\/2015\/11\/lekarka-103x300.png\" alt=\"lekarka\" width=\"103\" height=\"300\" srcset=\"https:\/\/www.pacienti.cz\/wp-content\/uploads\/2015\/11\/lekarka-103x300.png 103w, https:\/\/www.pacienti.cz\/wp-content\/uploads\/2015\/11\/lekarka.png 275w\" sizes=\"(max-width: 103px) 100vw, 103px\" \/><\/a><\/p>\n<h2><strong>Svaz pacient\u016f \u010cR<\/strong><br \/>\n<strong> na p\u0159\u00e1n\u00ed mnoha pacient\u016f vyd\u00e1v\u00e1:<\/strong><\/h2>\n<p>&nbsp;<\/p>\n<h1><span style=\"color: #0000ff;\"><strong>PACIENTSK\u00c9 DESATERO PRO L\u00c9KA\u0158E<\/strong><\/span><\/h1>\n<p>&nbsp;<\/p>\n<h3>1. P\u0159ijde-li k v\u00e1m pacient a popisuje sv\u00e9 zdravotn\u00ed probl\u00e9my, v prv\u00e9 \u0159ad\u011b si uv\u011bdomte, \u017ee nejste veterin\u00e1\u0159, ale l\u00e9ka\u0159 lidsk\u00fdch bytost\u00ed, kter\u00e9 sv\u00e9 pot\u00ed\u017ee dovedou popsat.<\/h3>\n<p>&nbsp;<\/p>\n<h3>2. Vezm\u011bte v potaz, \u017ee to nejste vy, kdo zn\u00e1 nejl\u00e9pe pacientovo t\u011blo, n\u00fdbr\u017e \u017ee je to s\u00e1m pacient. \u017dije s n\u00edm toti\u017e cel\u00fd \u017eivot, a proto si nejl\u00e9pe uv\u011bdomuje zm\u011bny a odchylky od norm\u00e1lu.<\/h3>\n<p>&nbsp;<\/p>\n<h3>3. L\u00ed\u010d\u00ed-li v\u00e1m pacient velice podrobn\u011b v\u0161echny p\u0159\u00edznaky choroby, trp\u011bliv\u011b, a hlavn\u011b pozorn\u011b, jej vyslechn\u011bte, i kdy\u017e v\u00e1m jejich v\u00fd\u010det m\u016f\u017ee p\u0159ipadat naivn\u00ed. Pacient toti\u017e, na rozd\u00edl od v\u00e1s, nem\u016f\u017ee v\u011bd\u011bt, kter\u00fd symptom m\u016f\u017ee b\u00fdt pro stanoven\u00ed spr\u00e1vn\u00e9 diagn\u00f3zy d\u016fle\u017eit\u00fd a kter\u00fd je zcela podru\u017en\u00fd. Proto, ve snaze usnadnit v\u00e1m rozhodov\u00e1n\u00ed, vyjmenov\u00e1v\u00e1 v\u0161echny.<\/h3>\n<p>&nbsp;<\/p>\n<h3>4. Nav\u0161t\u00edv\u00ed-li v\u00e1s senior,] pota\u017emo d\u016fchodce, uv\u011bdomte si, \u017ee v\u00e1m sv\u00e9 pot\u00ed\u017ee ur\u010dit\u011b nepopisuje proto, \u017ee by z v\u00e1s cht\u011bl vym\u00e1mit pracovn\u00ed neschopenku, aby se mohl vyhnout pr\u00e1ci.<\/h3>\n<p>&nbsp;<\/p>\n<h3>5. Nem\u016f\u017eete-li, p\u0159es ve\u0161kerou snahu stanovit p\u0159\u00ed\u010dinu pacientov\u00fdch obt\u00ed\u017e\u00ed, nepos\u00edlejte jej neust\u00e1le z jedn\u00e9 poradny do druh\u00e9 a zajist\u011bte pacientovi d\u016fkladn\u00e9 souhrnn\u00e9 vy\u0161et\u0159en\u00ed na jednom m\u00edst\u011b. Nejl\u00e9pe jeho hospitalizac\u00ed na kr\u00e1tk\u00fd \u010das v nemocnici.<\/h3>\n<p>&nbsp;<\/p>\n<h3>6. Jste-li specialistou, nezam\u011b\u0159ujte se slep\u011b a jednostrann\u011b pouze na ten sv\u016fj vlastn\u00ed \u00fasek medic\u00edny a zkuste se nad pacientov\u00fdmi stesky zamyslet v medic\u00ednsk\u00fdch souvislostech.<\/h3>\n<p>&nbsp;<\/p>\n<h3>7. Nejste-li u\u017e p\u0159edem rozhodnut\u00fd seniory ve vy\u0161\u0161\u00edm v\u011bku odb\u00fdvat n\u011bjakou lacinou fr\u00e1z\u00ed, ne\u0159\u00edkejte jim nikdy, \u017ee na l\u00e9\u010den\u00ed choroby u\u017e jsou sta\u0159\u00ed, nebo v jejich v\u011bku \u017ee je ta kter\u00e1 diagnostick\u00e1 metoda pro n\u011b nedostupn\u00e1 z d\u016fvodu jej\u00ed ceny. Pacient m\u016f\u017ee b\u00fdt ochoten si ji t\u0159eba i zaplatit, pokud se domn\u00edv\u00e1, \u017ee by to prosp\u011blo jeho zdrav\u00ed.<\/h3>\n<p>&nbsp;<\/p>\n<h3>8. Vyslov\u00ed-li pacient podez\u0159en\u00ed na n\u011bjakou konkr\u00e9tn\u00ed chorobu, nem\u00e1vejte nad t\u00edm p\u0159ez\u00edrav\u011b rukou a nemyslete si v duchu: co m\u011b bude ten hloup\u00fd laik n\u011bco radit nebo namlouvat. Nikdy nev\u00edte, jak ke sv\u00e9mu podez\u0159en\u00ed dosp\u011bl a mo\u017en\u00e1, \u017ee m\u016f\u017ee vypl\u00fdvat z \u00fasudku daleko v\u011bt\u0161\u00ed l\u00e9ka\u0159sk\u00e9 kapacity ne\u017e jste vy.<\/h3>\n<p>&nbsp;<\/p>\n<h3>9. Nev\u011b\u0161te si na dve\u0159e ordinace cedulky typu \\&#8220;Neklepat\\&#8220; nebo \\&#8220;Po\u0159ad\u00ed pacient\u016f ur\u010duje v\u00fdhradn\u011b sestra\\&#8220; a podobn\u011b. Norm\u00e1ln\u00ed pacient takov\u00e9 upozorn\u011bn\u00ed nepot\u0159ebuje a u\u017e do \u010dek\u00e1rny vstupuje s p\u0159esv\u011bd\u010den\u00edm, \u017ee po\u0159ad\u00ed bude ur\u010dov\u00e1no spravedliv\u011b. P\u0159e\u010dten\u00ed takov\u00e9ho n\u00e1pisu v n\u011bm nutn\u011b vyvol\u00e1v\u00e1 podez\u0159en\u00ed, \u017ee p\u0159ed n\u00edm dostanou p\u0159ednost kamar\u00e1d\u00ed\u010dci, prominenti a zn\u00e1m\u00ed. M\u011bla by tam v\u0161ak b\u00fdt jm\u00e9no doktora a jeho specializace, jm\u00e9no zdravotn\u00ed sestry a p\u0159\u00edpadn\u00fd telefonick\u00fd, \u010di jin\u00fd kontakt. A samoz\u0159ejm\u011b by tam nem\u011bla chyb\u011bt ordina\u010dn\u00ed doba dan\u00e9 ordinace.<\/h3>\n<p>&nbsp;<\/p>\n<h3>10. M\u00e1te-li pocit, \u017ee pacient simuluje, bu\u010f mu to dok\u00e1\u017eete pe\u010dliv\u00fdm diagnostick\u00fdm vy\u0161et\u0159en\u00edm, nebo j\u00edm popisovan\u00e9 zdravotn\u00ed probl\u00e9my za\u010dn\u011bte neodkladn\u011b l\u00e9\u010dit. Odm\u00edtat pacienta jen pro vlastn\u00ed subjektivn\u00ed p\u0159esv\u011bd\u010den\u00ed, je nejen hloup\u00e9, a neprofesion\u00e1ln\u00ed, ale i krajn\u011b nezodpov\u011bdn\u00e9, a pro pacienta m\u016f\u017ee m\u00edt i fat\u00e1ln\u00ed d\u016fsledky.<\/h3>\n<p>&nbsp;<\/p>\n<p>Praha, dne 3. prosince 2010<\/p>\n<p>Svaz pacient\u016f \u010cR<br \/>\n&amp; Milan Balada<\/p>\n<p>&nbsp;<\/p>\n<hr \/>\n<p>&nbsp;<\/p>\n","protected":false},"excerpt":{"rendered":"<p>Svaz pacient\u016f \u010cR na p\u0159\u00e1n\u00ed mnoha pacient\u016f vyd\u00e1v\u00e1: &nbsp; PACIENTSK\u00c9 DESATERO PRO L\u00c9KA\u0158E &nbsp; 1. P\u0159ijde-li k v\u00e1m pacient a popisuje sv\u00e9 zdravotn\u00ed probl\u00e9my, v prv\u00e9 \u0159ad\u011b si uv\u011bdomte, \u017ee nejste veterin\u00e1\u0159, ale l\u00e9ka\u0159 lidsk\u00fdch bytost\u00ed, kter\u00e9 sv\u00e9 pot\u00ed\u017ee dovedou popsat. &nbsp; 2. Vezm\u011bte v potaz, \u017ee to nejste vy, kdo zn\u00e1 nejl\u00e9pe pacientovo t\u011blo, [&hellip;]<\/p>\n","protected":false},"author":1,"featured_media":0,"parent":0,"menu_order":0,"comment_status":"closed","ping_status":"closed","template":"","meta":{"footnotes":""},"_links":{"self":[{"href":"https:\/\/www.pacienti.cz\/index.php?rest_route=\/wp\/v2\/pages\/90"}],"collection":[{"href":"https:\/\/www.pacienti.cz\/index.php?rest_route=\/wp\/v2\/pages"}],"about":[{"href":"https:\/\/www.pacienti.cz\/index.php?rest_route=\/wp\/v2\/types\/page"}],"author":[{"embeddable":true,"href":"https:\/\/www.pacienti.cz\/index.php?rest_route=\/wp\/v2\/users\/1"}],"replies":[{"embeddable":true,"href":"https:\/\/www.pacienti.cz\/index.php?rest_route=%2Fwp%2Fv2%2Fcomments&post=90"}],"version-history":[{"count":26,"href":"https:\/\/www.pacienti.cz\/index.php?rest_route=\/wp\/v2\/pages\/90\/revisions"}],"predecessor-version":[{"id":2338,"href":"https:\/\/www.pacienti.cz\/index.php?rest_route=\/wp\/v2\/pages\/90\/revisions\/2338"}],"wp:attachment":[{"href":"https:\/\/www.pacienti.cz\/index.php?rest_route=%2Fwp%2Fv2%2Fmedia&parent=90"}],"curies":[{"name":"wp","href":"https:\/\/api.w.org\/{rel}","templated":true}]}}